{"id":513,"date":"2014-11-06T16:26:09","date_gmt":"2014-11-06T14:26:09","guid":{"rendered":"http:\/\/www.frank-amann.info\/?page_id=513&#038;lang=en"},"modified":"2025-08-11T13:53:15","modified_gmt":"2025-08-11T11:53:15","slug":"frank-amann-kameramann-fuer-kino-und-tv","status":"publish","type":"page","link":"https:\/\/www.frank-amann.info\/en\/frank-amann-kameramann-fuer-kino-und-tv\/","title":{"rendered":"Frank Amann, Director Of Photography"},"content":{"rendered":"<p>Studies in philosophy, film and politics, J. W. von Goethe-University, Frankfurt\/ M.<br \/>\nFocus Puller (for DoPs: Tilman B\u00fcttner, Konstantin Kr\u00f6ning, Michael Hammon; a.o. \u00bbDie Polizistin\u00ab, director: Andreas Dresen)<br \/>\nStudies at the German Film- and Television-Academy (DFFB), Berlin. Lecturers: Walter Lassally, Robby M\u00fcller, Elfi Mikesch, Raoul Coutard, J\u00fcrgen J\u00fcrges, Sophie Maintigneux, David Slama.<br \/>\n1994 Visiting scholar at the National Film- and Television School (NFTS), Beaconsfield\/ London<br \/>\n1995 Workshop for European DoP-students, Budapest, with Vilmos Zsigmond and Billy Williams<br \/>\n1998 Graduated from the German Film and Television Academy (DFFB), Berlin<\/p>\n<p>Director of Photography, based in Berlin<br \/>\nMember of the German Society of Cinematographers (BVK) and the German Film Academy<\/p>\n<p><a href=\"https:\/\/www.frank-amann.info\/wp-content\/uploads\/2014\/11\/FAmann_cv_engl14.pdf\"><br \/>\n<\/a><a href=\"https:\/\/www.frank-amann.info\/wp-content\/uploads\/2025\/08\/FrankAmann_cv25_EN.pdf\">Filmography (English) (PDF)<\/a><br \/>\n<a href=\"https:\/\/www.frank-amann.info\/wp-content\/uploads\/2025\/08\/FrankAmann_cv_25.pdf\">Filmography (German) (PDF)<\/a><\/p>\n<p><a href=\"http:\/\/www.kinematografie.org\/english\/cameraguide\/detail.php?id=2076\">BVK<\/a><\/p>\n","protected":false},"excerpt":{"rendered":"<p>Studies in philosophy, film and politics, J. W. von Goethe-University, Frankfurt\/ M. Focus Puller (for DoPs: Tilman B\u00fcttner, Konstantin Kr\u00f6ning, Michael Hammon; a.o. \u00bbDie Polizistin\u00ab, director: Andreas Dresen) Studies at the German Film- and Television-Academy (DFFB), Berlin. Lecturers: Walter Lassally, Robby M\u00fcller, Elfi Mikesch, Raoul Coutard, J\u00fcrgen J\u00fcrges, Sophie Maintigneux, David Slama. 1994 Visiting scholar <\/p>\n","protected":false},"author":2,"featured_media":1245,"parent":0,"menu_order":0,"comment_status":"closed","ping_status":"closed","template":"","meta":{"footnotes":""},"class_list":["post-513","page","type-page","status-publish","has-post-thumbnail","hentry"],"_links":{"self":[{"href":"https:\/\/www.frank-amann.info\/en\/wp-json\/wp\/v2\/pages\/513","targetHints":{"allow":["GET"]}}],"collection":[{"href":"https:\/\/www.frank-amann.info\/en\/wp-json\/wp\/v2\/pages"}],"about":[{"href":"https:\/\/www.frank-amann.info\/en\/wp-json\/wp\/v2\/types\/page"}],"author":[{"embeddable":true,"href":"https:\/\/www.frank-amann.info\/en\/wp-json\/wp\/v2\/users\/2"}],"replies":[{"embeddable":true,"href":"https:\/\/www.frank-amann.info\/en\/wp-json\/wp\/v2\/comments?post=513"}],"version-history":[{"count":2,"href":"https:\/\/www.frank-amann.info\/en\/wp-json\/wp\/v2\/pages\/513\/revisions"}],"predecessor-version":[{"id":1920,"href":"https:\/\/www.frank-amann.info\/en\/wp-json\/wp\/v2\/pages\/513\/revisions\/1920"}],"wp:featuredmedia":[{"embeddable":true,"href":"https:\/\/www.frank-amann.info\/en\/wp-json\/wp\/v2\/media\/1245"}],"wp:attachment":[{"href":"https:\/\/www.frank-amann.info\/en\/wp-json\/wp\/v2\/media?parent=513"}],"curies":[{"name":"wp","href":"https:\/\/api.w.org\/{rel}","templated":true}]}}